{"id":209,"date":"2024-06-24T13:41:34","date_gmt":"2024-06-24T13:41:34","guid":{"rendered":"https:\/\/lauratenchio.ch\/?page_id=209"},"modified":"2024-07-31T07:52:47","modified_gmt":"2024-07-31T07:52:47","slug":"wie-tickt-die-schweiz","status":"publish","type":"page","link":"https:\/\/lauratenchio.ch\/?page_id=209","title":{"rendered":"Wie tickt die Schweiz?"},"content":{"rendered":"<p class=\"wp-block-paragraph \">In the game show &laquo;<a href=\"https:\/\/www.srf.ch\/play\/tv\/sendung\/wie-tickt-die-schweiz?id=f44c9e47-0dea-4098-9afa-bc960f107102\" data-type=\"link\" data-id=\"https:\/\/www.srf.ch\/play\/tv\/sendung\/wie-tickt-die-schweiz?id=f44c9e47-0dea-4098-9afa-bc960f107102\">Wie tickt die Schweiz?<\/a>&raquo; (&#8220;How Does Switzerland Tick?&#8221;), three teams of celebrities guess how 100 Swiss people in the studio answered personal questions. To attract a younger audience to the show, we produced several advertising materials for social media. For this, we asked three celebrities tricky questions and had them discuss their answers.<\/p>\n\n\n\n<figure class=\"wp-block-embed is-type-video is-provider-vimeo wp-block-embed-vimeo\"><div class=\"wp-block-embed__wrapper\">\n<iframe loading=\"lazy\" title=\"Wie tickt die Schweiz? Datingplattformen | Awareness\" src=\"https:\/\/player.vimeo.com\/video\/966664646?dnt=1&amp;app_id=122963\" width=\"500\" height=\"625\" frameborder=\"0\" allow=\"autoplay; fullscreen; picture-in-picture; clipboard-write\"><\/iframe>\n<\/div><\/figure>\n\n\n\n<figure class=\"wp-block-embed is-type-video is-provider-vimeo wp-block-embed-vimeo\"><div class=\"wp-block-embed__wrapper\">\n<iframe loading=\"lazy\" title=\"Wie tickt die Schweiz? Restaurant | Awareness\" src=\"https:\/\/player.vimeo.com\/video\/966702967?dnt=1&amp;app_id=122963\" width=\"500\" height=\"625\" frameborder=\"0\" allow=\"autoplay; fullscreen; picture-in-picture; clipboard-write\"><\/iframe>\n<\/div><\/figure>\n\n\n\n<figure class=\"wp-block-embed is-type-video is-provider-vimeo wp-block-embed-vimeo wp-embed-aspect-16-9 wp-has-aspect-ratio\"><div class=\"wp-block-embed__wrapper\">\n<iframe loading=\"lazy\" title=\"Wie tickt die Schweiz? Zahsidele | Performance (lange Version)\" src=\"https:\/\/player.vimeo.com\/video\/966665192?dnt=1&amp;app_id=122963\" width=\"500\" height=\"281\" frameborder=\"0\" allow=\"autoplay; fullscreen; picture-in-picture; clipboard-write\"><\/iframe>\n<\/div><\/figure>\n\n\n\n<figure class=\"wp-block-embed is-type-video is-provider-vimeo wp-block-embed-vimeo\"><div class=\"wp-block-embed__wrapper\">\n<iframe loading=\"lazy\" title=\"Wie tickt die Schweiz? K\u00fcssen | Awareness\" src=\"https:\/\/player.vimeo.com\/video\/966664828?dnt=1&amp;app_id=122963\" width=\"500\" height=\"625\" frameborder=\"0\" allow=\"autoplay; fullscreen; picture-in-picture; clipboard-write\"><\/iframe>\n<\/div><figcaption class=\"wp-element-caption\">Directed by yours truly<br>Script &#8211; Laura Tenchio<br>DoP &#8211; Ueli Haberstich<br>AD &#8211; Elena M\u00fcller<br>Cast &#8211; G\u00fclsha Adilji, Adrian Vogt &amp; Claudio Zuccolini<br>Producer &#8211; Laura Tenchio<br>Camera operator &#8211; Martin Sch\u00e4ppi<br>Boom operator &#8211; Simon Manetsch<br>Gaffer &#8211; Roland Koch<br>Hair &amp; Make-Up &#8211; Kseniia Kornytska<br>Post production &#8211; Laura Tenchio<br>Editor &#8211; Nicola Zwosta, Hagen Scholz<\/figcaption><\/figure>\n","protected":false},"excerpt":{"rendered":"<p>In the game show &laquo;Wie tickt die Schweiz?&raquo; (&#8220;How Does Switzerland Tick?&#8221;), three teams of celebrities guess how 100 Swiss people in the studio answered personal questions. To attract a younger audience to the show, we produced several advertising materials for social media. For this, we asked three celebrities tricky questions and had them discuss &hellip;<\/p>\n","protected":false},"author":1,"featured_media":0,"parent":0,"menu_order":0,"comment_status":"closed","ping_status":"closed","template":"","meta":{"footnotes":""},"class_list":["post-209","page","type-page","status-publish","hentry"],"_links":{"self":[{"href":"https:\/\/lauratenchio.ch\/index.php?rest_route=\/wp\/v2\/pages\/209","targetHints":{"allow":["GET"]}}],"collection":[{"href":"https:\/\/lauratenchio.ch\/index.php?rest_route=\/wp\/v2\/pages"}],"about":[{"href":"https:\/\/lauratenchio.ch\/index.php?rest_route=\/wp\/v2\/types\/page"}],"author":[{"embeddable":true,"href":"https:\/\/lauratenchio.ch\/index.php?rest_route=\/wp\/v2\/users\/1"}],"replies":[{"embeddable":true,"href":"https:\/\/lauratenchio.ch\/index.php?rest_route=%2Fwp%2Fv2%2Fcomments&post=209"}],"version-history":[{"count":3,"href":"https:\/\/lauratenchio.ch\/index.php?rest_route=\/wp\/v2\/pages\/209\/revisions"}],"predecessor-version":[{"id":246,"href":"https:\/\/lauratenchio.ch\/index.php?rest_route=\/wp\/v2\/pages\/209\/revisions\/246"}],"wp:attachment":[{"href":"https:\/\/lauratenchio.ch\/index.php?rest_route=%2Fwp%2Fv2%2Fmedia&parent=209"}],"curies":[{"name":"wp","href":"https:\/\/api.w.org\/{rel}","templated":true}]}}